{"id":101,"date":"2022-03-02T20:28:23","date_gmt":"2022-03-02T19:28:23","guid":{"rendered":"https:\/\/www.adnature.be\/?page_id=101"},"modified":"2022-03-02T21:10:12","modified_gmt":"2022-03-02T20:10:12","slug":"vergers","status":"publish","type":"page","link":"https:\/\/www.adnature.be\/index.php\/vergers\/","title":{"rendered":"Gestion des verges traditionnels"},"content":{"rendered":"\n<p>Nos vergers traditionnels constituent un patrimoine naturel et biologique important. Permettant l\u2019accueil d\u2019une faune exceptionnelle, diversifiant nos paysages, produisant des denr\u00e9es alimentaires, &#8230;, ils ont beaucoup pour plaire. Ils disparaissent pourtant peu \u00e0 peu de nos campagnes: 99% des vergers ont disparu depuis 1950 ! <\/p>\n\n\n\n<p>Le projet \u00ab gestion de vergers traditionnels \u00bb d\u2019AD&amp;N regroupe \u00e0 la fois des plantations de vergers et leurs entretiens, ainsi que l\u2019organisation des matin\u00e9es du fruitier pour encourager les particuliers \u00e0 recr\u00e9er des vergers dans leur propri\u00e9t\u00e9.<\/p>\n\n\n\n<figure class=\"wp-block-image size-large\"><img loading=\"lazy\" decoding=\"async\" width=\"1024\" height=\"768\" src=\"https:\/\/www.adnature.be\/wp-content\/uploads\/2022\/03\/DSCN4878-1024x768.jpg\" alt=\"\" class=\"wp-image-145\" srcset=\"https:\/\/www.adnature.be\/wp-content\/uploads\/2022\/03\/DSCN4878-1024x768.jpg 1024w, https:\/\/www.adnature.be\/wp-content\/uploads\/2022\/03\/DSCN4878-300x225.jpg 300w, https:\/\/www.adnature.be\/wp-content\/uploads\/2022\/03\/DSCN4878-768x576.jpg 768w, https:\/\/www.adnature.be\/wp-content\/uploads\/2022\/03\/DSCN4878-1536x1152.jpg 1536w, https:\/\/www.adnature.be\/wp-content\/uploads\/2022\/03\/DSCN4878-2048x1536.jpg 2048w\" sizes=\"auto, (max-width: 706px) 89vw, (max-width: 767px) 82vw, 740px\" \/><\/figure>\n","protected":false},"excerpt":{"rendered":"<p>Nos vergers traditionnels constituent un patrimoine naturel et biologique important. Permettant l\u2019accueil d\u2019une faune exceptionnelle, diversifiant nos paysages, produisant des denr\u00e9es alimentaires, &#8230;, ils ont beaucoup pour plaire. Ils disparaissent pourtant peu \u00e0 peu de nos campagnes: 99% des vergers ont disparu depuis 1950 ! Le projet \u00ab gestion de vergers traditionnels \u00bb d\u2019AD&amp;N regroupe &hellip; <\/p>\n<p class=\"link-more\"><a href=\"https:\/\/www.adnature.be\/index.php\/vergers\/\" class=\"more-link\">Continuer la lecture<span class=\"screen-reader-text\"> de &laquo;&nbsp;Gestion des verges traditionnels&nbsp;&raquo;<\/span><\/a><\/p>\n","protected":false},"author":7,"featured_media":0,"parent":0,"menu_order":0,"comment_status":"closed","ping_status":"closed","template":"","meta":{"footnotes":""},"class_list":["post-101","page","type-page","status-publish","hentry"],"_links":{"self":[{"href":"https:\/\/www.adnature.be\/index.php\/wp-json\/wp\/v2\/pages\/101","targetHints":{"allow":["GET"]}}],"collection":[{"href":"https:\/\/www.adnature.be\/index.php\/wp-json\/wp\/v2\/pages"}],"about":[{"href":"https:\/\/www.adnature.be\/index.php\/wp-json\/wp\/v2\/types\/page"}],"author":[{"embeddable":true,"href":"https:\/\/www.adnature.be\/index.php\/wp-json\/wp\/v2\/users\/7"}],"replies":[{"embeddable":true,"href":"https:\/\/www.adnature.be\/index.php\/wp-json\/wp\/v2\/comments?post=101"}],"version-history":[{"count":3,"href":"https:\/\/www.adnature.be\/index.php\/wp-json\/wp\/v2\/pages\/101\/revisions"}],"predecessor-version":[{"id":146,"href":"https:\/\/www.adnature.be\/index.php\/wp-json\/wp\/v2\/pages\/101\/revisions\/146"}],"wp:attachment":[{"href":"https:\/\/www.adnature.be\/index.php\/wp-json\/wp\/v2\/media?parent=101"}],"curies":[{"name":"wp","href":"https:\/\/api.w.org\/{rel}","templated":true}]}}