{"id":104,"date":"2022-03-02T20:28:23","date_gmt":"2022-03-02T19:28:23","guid":{"rendered":"https:\/\/www.adnature.be\/?page_id=104"},"modified":"2025-12-07T20:25:19","modified_gmt":"2025-12-07T19:25:19","slug":"sensibilisation","status":"publish","type":"page","link":"https:\/\/www.adnature.be\/index.php\/sensibilisation\/","title":{"rendered":"Activit\u00e9s de sensibilisation et de d\u00e9couverte"},"content":{"rendered":"\n<p style=\"line-height:1.4\">L\u2019association AD&amp;N propose \u00e9galement des activit\u00e9s de d\u00e9couverte aux curiosit\u00e9s de la nature. Elle esp\u00e8re ainsi faire tomber sous le charme de notre environnement les participants et favoriser l\u2019implication de chacun dans la protection de cette pr\u00e9cieuse nature. \u00c0 travers une multitude d\u2019activit\u00e9s et de th\u00e8mes, des passionn\u00e9s partagent leurs connaissances ou font d\u00e9couvrir des coins de nature avec enthousiasme et simplicit\u00e9.<\/p>\n\n\n\n<p style=\"line-height:1.4\">Conjointement aux balades et sorties, AD&amp;N organise ponctuellement des soir\u00e9es et des conf\u00e9rences qui permettent de toucher un autre public. Elles permettent de creuser une th\u00e9matique, de d\u00e9couvrir le monde fascinant de notre faune, de mieux conna\u00eetre la richesse des plantes, de savoir comment agir concr\u00e8tement \u00e0 son \u00e9chelle.<\/p>\n\n\n\n<figure class=\"wp-block-image size-large\"><img loading=\"lazy\" decoding=\"async\" width=\"1024\" height=\"684\" src=\"https:\/\/www.adnature.be\/wp-content\/uploads\/2022\/03\/sortiewe9-1024x684.png\" alt=\"\" class=\"wp-image-153\" srcset=\"https:\/\/www.adnature.be\/wp-content\/uploads\/2022\/03\/sortiewe9-1024x684.png 1024w, https:\/\/www.adnature.be\/wp-content\/uploads\/2022\/03\/sortiewe9-300x200.png 300w, https:\/\/www.adnature.be\/wp-content\/uploads\/2022\/03\/sortiewe9-768x513.png 768w, https:\/\/www.adnature.be\/wp-content\/uploads\/2022\/03\/sortiewe9.png 1049w\" sizes=\"auto, (max-width: 706px) 89vw, (max-width: 767px) 82vw, 740px\" \/><\/figure>\n","protected":false},"excerpt":{"rendered":"<p>L\u2019association AD&amp;N propose \u00e9galement des activit\u00e9s de d\u00e9couverte aux curiosit\u00e9s de la nature. Elle esp\u00e8re ainsi faire tomber sous le charme de notre environnement les participants et favoriser l\u2019implication de chacun dans la protection de cette pr\u00e9cieuse nature. \u00c0 travers une multitude d\u2019activit\u00e9s et de th\u00e8mes, des passionn\u00e9s partagent leurs connaissances ou font d\u00e9couvrir des &hellip; <\/p>\n<p class=\"link-more\"><a href=\"https:\/\/www.adnature.be\/index.php\/sensibilisation\/\" class=\"more-link\">Continuer la lecture<span class=\"screen-reader-text\"> de &laquo;&nbsp;Activit\u00e9s de sensibilisation et de d\u00e9couverte&nbsp;&raquo;<\/span><\/a><\/p>\n","protected":false},"author":7,"featured_media":0,"parent":0,"menu_order":0,"comment_status":"closed","ping_status":"closed","template":"","meta":{"footnotes":""},"class_list":["post-104","page","type-page","status-publish","hentry"],"_links":{"self":[{"href":"https:\/\/www.adnature.be\/index.php\/wp-json\/wp\/v2\/pages\/104","targetHints":{"allow":["GET"]}}],"collection":[{"href":"https:\/\/www.adnature.be\/index.php\/wp-json\/wp\/v2\/pages"}],"about":[{"href":"https:\/\/www.adnature.be\/index.php\/wp-json\/wp\/v2\/types\/page"}],"author":[{"embeddable":true,"href":"https:\/\/www.adnature.be\/index.php\/wp-json\/wp\/v2\/users\/7"}],"replies":[{"embeddable":true,"href":"https:\/\/www.adnature.be\/index.php\/wp-json\/wp\/v2\/comments?post=104"}],"version-history":[{"count":4,"href":"https:\/\/www.adnature.be\/index.php\/wp-json\/wp\/v2\/pages\/104\/revisions"}],"predecessor-version":[{"id":223,"href":"https:\/\/www.adnature.be\/index.php\/wp-json\/wp\/v2\/pages\/104\/revisions\/223"}],"wp:attachment":[{"href":"https:\/\/www.adnature.be\/index.php\/wp-json\/wp\/v2\/media?parent=104"}],"curies":[{"name":"wp","href":"https:\/\/api.w.org\/{rel}","templated":true}]}}