{"id":105,"date":"2022-03-02T20:28:23","date_gmt":"2022-03-02T19:28:23","guid":{"rendered":"https:\/\/www.adnature.be\/?page_id=105"},"modified":"2025-12-07T20:23:18","modified_gmt":"2025-12-07T19:23:18","slug":"ecl","status":"publish","type":"page","link":"https:\/\/www.adnature.be\/index.php\/ecl\/","title":{"rendered":"Etat des lieux des cours d&rsquo;eau"},"content":{"rendered":"\n<p>Finalement, AD&amp;N r\u00e9alise annuellement un rapport de l\u2019\u00e9tat des lieux des cours d\u2019eau sur le territoire communal de Theux. Comme convenu avec le Coll\u00e8ge communal de Theux, le travail de prospection du bassin hydrographique theutois est \u00ab\u00a0phas\u00e9\u00a0\u00bb en trois ans. En effet, il apparait qu\u2019un passage annuel sur l\u2019enti\u00e8ret\u00e9 des cours d\u2019eau n\u2019est pas n\u00e9cessaire \u00e9tant donn\u00e9 le peu d\u2019\u00e9volution d\u2019une ann\u00e9e \u00e0 l\u2019autre. Chaque rapport permet de relever les points probl\u00e9matiques comme la pr\u00e9sence de d\u00e9chets verts ou d\u2019inertes, la d\u00e9gradation du b\u00e2ti au niveau de la berge ou encore des obstacles \u00e0 l\u2019\u00e9coulement. Sur cette base, la commune peut cibler les interventions les plus urgentes \u00e0 mettre en place.<\/p>\n","protected":false},"excerpt":{"rendered":"<p>Finalement, AD&amp;N r\u00e9alise annuellement un rapport de l\u2019\u00e9tat des lieux des cours d\u2019eau sur le territoire communal de Theux. Comme convenu avec le Coll\u00e8ge communal de Theux, le travail de prospection du bassin hydrographique theutois est \u00ab\u00a0phas\u00e9\u00a0\u00bb en trois ans. En effet, il apparait qu\u2019un passage annuel sur l\u2019enti\u00e8ret\u00e9 des cours d\u2019eau n\u2019est pas n\u00e9cessaire &hellip; <\/p>\n<p class=\"link-more\"><a href=\"https:\/\/www.adnature.be\/index.php\/ecl\/\" class=\"more-link\">Continuer la lecture<span class=\"screen-reader-text\"> de &laquo;&nbsp;Etat des lieux des cours d&rsquo;eau&nbsp;&raquo;<\/span><\/a><\/p>\n","protected":false},"author":7,"featured_media":0,"parent":0,"menu_order":0,"comment_status":"closed","ping_status":"closed","template":"","meta":{"footnotes":""},"class_list":["post-105","page","type-page","status-publish","hentry"],"_links":{"self":[{"href":"https:\/\/www.adnature.be\/index.php\/wp-json\/wp\/v2\/pages\/105","targetHints":{"allow":["GET"]}}],"collection":[{"href":"https:\/\/www.adnature.be\/index.php\/wp-json\/wp\/v2\/pages"}],"about":[{"href":"https:\/\/www.adnature.be\/index.php\/wp-json\/wp\/v2\/types\/page"}],"author":[{"embeddable":true,"href":"https:\/\/www.adnature.be\/index.php\/wp-json\/wp\/v2\/users\/7"}],"replies":[{"embeddable":true,"href":"https:\/\/www.adnature.be\/index.php\/wp-json\/wp\/v2\/comments?post=105"}],"version-history":[{"count":3,"href":"https:\/\/www.adnature.be\/index.php\/wp-json\/wp\/v2\/pages\/105\/revisions"}],"predecessor-version":[{"id":157,"href":"https:\/\/www.adnature.be\/index.php\/wp-json\/wp\/v2\/pages\/105\/revisions\/157"}],"wp:attachment":[{"href":"https:\/\/www.adnature.be\/index.php\/wp-json\/wp\/v2\/media?parent=105"}],"curies":[{"name":"wp","href":"https:\/\/api.w.org\/{rel}","templated":true}]}}