{"id":107,"date":"2022-03-02T20:28:23","date_gmt":"2022-03-02T19:28:23","guid":{"rendered":"https:\/\/www.adnature.be\/?page_id=107"},"modified":"2022-04-15T21:49:19","modified_gmt":"2022-04-15T19:49:19","slug":"historique","status":"publish","type":"page","link":"https:\/\/www.adnature.be\/index.php\/historique\/","title":{"rendered":"Historique"},"content":{"rendered":"\n<p><strong>AD&amp;N m\u00e8ne des activit\u00e9s engag\u00e9es pour la nature depuis 2008, sur la commune de Theux (Province de Li\u00e8ge &#8211; Belgique) !&nbsp;<\/strong><\/p>\n\n\n\n<div class=\"wp-block-media-text alignwide is-stacked-on-mobile\" style=\"grid-template-columns:43% auto\"><figure class=\"wp-block-media-text__media\"><img loading=\"lazy\" decoding=\"async\" width=\"582\" height=\"557\" src=\"https:\/\/www.adnature.be\/wp-content\/uploads\/2022\/04\/logo_adn.png\" alt=\"\" class=\"wp-image-239 size-full\" srcset=\"https:\/\/www.adnature.be\/wp-content\/uploads\/2022\/04\/logo_adn.png 582w, https:\/\/www.adnature.be\/wp-content\/uploads\/2022\/04\/logo_adn-300x287.png 300w\" sizes=\"auto, (max-width: 582px) 100vw, 582px\" \/><\/figure><div class=\"wp-block-media-text__content\">\n<p style=\"font-size:16px\">Mais les fondements de cette petite asbl remontent bien plus loin, du temps de l\u2019Association Theutoise pour l\u2019Environnement asbl (ATE). Cette derni\u00e8re a \u00e9t\u00e9 fond\u00e9e le 10 mars 1989 par 6 amis passionn\u00e9s par la conservation de la nature. Jusqu\u2019en 2007, l&rsquo;ATE a vu s\u2019\u00e9panouir divers projets dont le plus porteur a incontestablement \u00e9t\u00e9 celui de la sauvegarde de l\u2019Ecrevisse \u00e0 pattes rouges&nbsp;<em>Astacus astacus&nbsp;<\/em>en R\u00e9gionwallonne. Au fil des ann\u00e9es, l\u2019enthousiasme s\u2019est \u00e9tiol\u00e9 avec, en plus, la difficult\u00e9 croissante de recruter de nouveaux membres.<\/p>\n<\/div><\/div>\n\n\n\n<p>C\u2019est dans cette structure que des \u00e9tudiants en cours de formation \u00e0 l\u2019Institut Sup\u00e9rieur d\u2019Agronomie de La Reid ont r\u00e9alis\u00e9 leur stage d\u2019insertion professionnelle. Quatre d\u2019entre eux se sont retrouv\u00e9s quelques ann\u00e9es plus tard avec la volont\u00e9 d\u2019am\u00e9liorer notre environnement en agissant de fa\u00e7on concr\u00e8te sur le terrain. C\u2019est tout naturellement qu\u2019en 2006, ils se sont constitu\u00e9s en un groupe de travail \u0153uvrant pour un projet appel\u00e9 \u00ab projet citoyen mares &amp; bocages \u00bb dont les grandes lignes directrices avaient d\u00e9j\u00e0 \u00e9t\u00e9 \u00e9crites fin 2005.<\/p>\n\n\n\n<p>En f\u00e9vrier 2008, lors de l\u2019AG annuelle, les \u00ab v\u00e9t\u00e9rans \u00bb de l\u2019ATE se sont retir\u00e9s et l\u2019asbl a \u00e9t\u00e9 remise entre les mains des \u00ab nouvelles recrues \u00bb. Leurs projets et objectifs sont devenus ceux de l\u2019asbl, le nom a \u00e9t\u00e9 modifi\u00e9 afin de marquer le changement, donnant ainsi \u00e0 l\u2019association une nouvelle jeunesse.&nbsp;<strong>Agir pour la Diversit\u00e9 &amp; la Nature \u00e9tait n\u00e9 !<\/strong><\/p>\n\n\n\n<p>Par la cr\u00e9ation de cette association, nous avons voulu organiser et mettre en place une structure qui \u0153uvre directement pour notre environnement, principalement par des actions de terrain r\u00e9guli\u00e8res et tr\u00e8s concr\u00e8tes. <span class=\"has-inline-color has-black-color\">Comme notre nom l\u2019indique d\u2019ailleurs, le mot d\u2019ordre est \u00ab Agir \u00bb ! Nous avons comme objectif la conservation \u00e0 long terme de la diversit\u00e9 biologique et paysag\u00e8re de la r\u00e9gion de Theux. Comme bon nombre d\u2019associations, notre principale limite r\u00e9side dans le fait que nous sommes tous b\u00e9n\u00e9voles, d\u2019o\u00f9 l\u2019importance d\u2019avoir derri\u00e8re nous un nombre important de membres sympathisants ou actifs qui nous permettent de faire avancer nos projets. Il ne tient qu\u2019\u00e0 vous, lecteurs, de venir nous rejoindre le temps d\u2019une activit\u00e9 ou plus r\u00e9guli\u00e8rement si vous le souhaitez.<\/span><\/p>\n","protected":false},"excerpt":{"rendered":"<p>AD&amp;N m\u00e8ne des activit\u00e9s engag\u00e9es pour la nature depuis 2008, sur la commune de Theux (Province de Li\u00e8ge &#8211; Belgique) !&nbsp; Mais les fondements de cette petite asbl remontent bien plus loin, du temps de l\u2019Association Theutoise pour l\u2019Environnement asbl (ATE). Cette derni\u00e8re a \u00e9t\u00e9 fond\u00e9e le 10 mars 1989 par 6 amis passionn\u00e9s par &hellip; <\/p>\n<p class=\"link-more\"><a href=\"https:\/\/www.adnature.be\/index.php\/historique\/\" class=\"more-link\">Continuer la lecture<span class=\"screen-reader-text\"> de &laquo;&nbsp;Historique&nbsp;&raquo;<\/span><\/a><\/p>\n","protected":false},"author":7,"featured_media":0,"parent":0,"menu_order":0,"comment_status":"closed","ping_status":"closed","template":"","meta":{"footnotes":""},"class_list":["post-107","page","type-page","status-publish","hentry"],"_links":{"self":[{"href":"https:\/\/www.adnature.be\/index.php\/wp-json\/wp\/v2\/pages\/107","targetHints":{"allow":["GET"]}}],"collection":[{"href":"https:\/\/www.adnature.be\/index.php\/wp-json\/wp\/v2\/pages"}],"about":[{"href":"https:\/\/www.adnature.be\/index.php\/wp-json\/wp\/v2\/types\/page"}],"author":[{"embeddable":true,"href":"https:\/\/www.adnature.be\/index.php\/wp-json\/wp\/v2\/users\/7"}],"replies":[{"embeddable":true,"href":"https:\/\/www.adnature.be\/index.php\/wp-json\/wp\/v2\/comments?post=107"}],"version-history":[{"count":11,"href":"https:\/\/www.adnature.be\/index.php\/wp-json\/wp\/v2\/pages\/107\/revisions"}],"predecessor-version":[{"id":248,"href":"https:\/\/www.adnature.be\/index.php\/wp-json\/wp\/v2\/pages\/107\/revisions\/248"}],"wp:attachment":[{"href":"https:\/\/www.adnature.be\/index.php\/wp-json\/wp\/v2\/media?parent=107"}],"curies":[{"name":"wp","href":"https:\/\/api.w.org\/{rel}","templated":true}]}}