{"id":108,"date":"2022-03-02T20:28:23","date_gmt":"2022-03-02T19:28:23","guid":{"rendered":"https:\/\/www.adnature.be\/?page_id=108"},"modified":"2026-03-06T15:47:05","modified_gmt":"2026-03-06T14:47:05","slug":"equipe","status":"publish","type":"page","link":"https:\/\/www.adnature.be\/index.php\/equipe\/","title":{"rendered":"Equipe"},"content":{"rendered":"\n<p>Notre \u00e9quipe peut \u00eatre d\u00e9crite comme enthousiaste, interg\u00e9n\u00e9rationnelle, parfois inorganis\u00e9e mais r\u00e9sistante et motiv\u00e9e !<\/p>\n\n\n\n<p>Le Conseil d&rsquo;Administration est compos\u00e9 de S\u00e9bastien, Anne-Catherine, Olivier, Nelle, Jean-Claude, Micha\u00ebl, Trecy, Fabian et Caroline. <\/p>\n\n\n\n<p>Mais toutes nos actions ne pourraient pas \u00eatre men\u00e9es sans les b\u00e9n\u00e9voles, les amis et les familles, les participants r\u00e9guliers et les participants occasionnels, les curieux, et tous ceux qui nous soutiennent depuis toujours. <\/p>\n\n\n\n<p>L&rsquo;\u00e9quipe, c&rsquo;est donc bien plus que 9 personnes qui lancent les initiatives \ud83d\ude09<\/p>\n\n\n\n<figure class=\"wp-block-image size-large\"><img loading=\"lazy\" decoding=\"async\" width=\"1024\" height=\"683\" src=\"https:\/\/www.adnature.be\/wp-content\/uploads\/2022\/03\/groupe-1024x683.png\" alt=\"\" class=\"wp-image-138\" srcset=\"https:\/\/www.adnature.be\/wp-content\/uploads\/2022\/03\/groupe-1024x683.png 1024w, https:\/\/www.adnature.be\/wp-content\/uploads\/2022\/03\/groupe-300x200.png 300w, https:\/\/www.adnature.be\/wp-content\/uploads\/2022\/03\/groupe-768x512.png 768w, https:\/\/www.adnature.be\/wp-content\/uploads\/2022\/03\/groupe.png 1049w\" sizes=\"auto, (max-width: 706px) 89vw, (max-width: 767px) 82vw, 740px\" \/><\/figure>\n","protected":false},"excerpt":{"rendered":"<p>Notre \u00e9quipe peut \u00eatre d\u00e9crite comme enthousiaste, interg\u00e9n\u00e9rationnelle, parfois inorganis\u00e9e mais r\u00e9sistante et motiv\u00e9e ! Le Conseil d&rsquo;Administration est compos\u00e9 de S\u00e9bastien, Anne-Catherine, Olivier, Nelle, Jean-Claude, Micha\u00ebl, Trecy, Fabian et Caroline. Mais toutes nos actions ne pourraient pas \u00eatre men\u00e9es sans les b\u00e9n\u00e9voles, les amis et les familles, les participants r\u00e9guliers et les participants occasionnels, &hellip; <\/p>\n<p class=\"link-more\"><a href=\"https:\/\/www.adnature.be\/index.php\/equipe\/\" class=\"more-link\">Continuer la lecture<span class=\"screen-reader-text\"> de &laquo;&nbsp;Equipe&nbsp;&raquo;<\/span><\/a><\/p>\n","protected":false},"author":7,"featured_media":0,"parent":0,"menu_order":0,"comment_status":"closed","ping_status":"closed","template":"","meta":{"footnotes":""},"class_list":["post-108","page","type-page","status-publish","hentry"],"_links":{"self":[{"href":"https:\/\/www.adnature.be\/index.php\/wp-json\/wp\/v2\/pages\/108","targetHints":{"allow":["GET"]}}],"collection":[{"href":"https:\/\/www.adnature.be\/index.php\/wp-json\/wp\/v2\/pages"}],"about":[{"href":"https:\/\/www.adnature.be\/index.php\/wp-json\/wp\/v2\/types\/page"}],"author":[{"embeddable":true,"href":"https:\/\/www.adnature.be\/index.php\/wp-json\/wp\/v2\/users\/7"}],"replies":[{"embeddable":true,"href":"https:\/\/www.adnature.be\/index.php\/wp-json\/wp\/v2\/comments?post=108"}],"version-history":[{"count":10,"href":"https:\/\/www.adnature.be\/index.php\/wp-json\/wp\/v2\/pages\/108\/revisions"}],"predecessor-version":[{"id":664,"href":"https:\/\/www.adnature.be\/index.php\/wp-json\/wp\/v2\/pages\/108\/revisions\/664"}],"wp:attachment":[{"href":"https:\/\/www.adnature.be\/index.php\/wp-json\/wp\/v2\/media?parent=108"}],"curies":[{"name":"wp","href":"https:\/\/api.w.org\/{rel}","templated":true}]}}