{"id":158,"date":"2022-03-02T21:16:20","date_gmt":"2022-03-02T20:16:20","guid":{"rendered":"https:\/\/www.adnature.be\/?page_id=158"},"modified":"2026-03-06T15:53:26","modified_gmt":"2026-03-06T14:53:26","slug":"agenda","status":"publish","type":"page","link":"https:\/\/www.adnature.be\/index.php\/agenda\/","title":{"rendered":"Agenda 2026"},"content":{"rendered":"\n<p class=\"has-vivid-red-color has-text-color has-link-color has-medium-font-size wp-elements-3091931e99ea21654ef70d0837142808\"><mark style=\"background-color:rgba(0, 0, 0, 0)\" class=\"has-inline-color has-vivid-red-color\"><strong>T\u00e9l\u00e9chargez le pdf de notre agenda 202<\/strong><\/mark><strong>6<\/strong> : <a href=\"https:\/\/www.adnature.be\/wp-content\/uploads\/2026\/01\/Agenda-ADN-2026.pdf\" data-type=\"attachment\" data-id=\"652\">cliquez ici \ud83d\ude42<\/a><\/p>\n\n\n\n<p>En fonction des besoins dans les r\u00e9serves naturelles et des envies du staff, des activit\u00e9s suppl\u00e9mentaires s&rsquo;organisent. <\/p>\n\n\n\n<p>N&rsquo;h\u00e9sitez pas \u00e0 nous suivre sur <strong>Facebook<\/strong> et\/ou \u00e0 vous inscrire \u00e0 notre <strong>newsletter<\/strong> pour connaitre les ajouts de derni\u00e8re minute ! <\/p>\n\n\n\n<p>Pour ce faire, compl\u00e9tez le formulaire tout en bas de cette page.<\/p>\n\n\n\n<p><\/p>\n\n\n\n<figure class=\"wp-block-image size-large\"><img loading=\"lazy\" decoding=\"async\" width=\"1024\" height=\"717\" src=\"https:\/\/www.adnature.be\/wp-content\/uploads\/2022\/04\/20220424_100117-scaled-e1650840092912-1024x717.jpg\" alt=\"\" class=\"wp-image-252\" srcset=\"https:\/\/www.adnature.be\/wp-content\/uploads\/2022\/04\/20220424_100117-scaled-e1650840092912-1024x717.jpg 1024w, https:\/\/www.adnature.be\/wp-content\/uploads\/2022\/04\/20220424_100117-scaled-e1650840092912-300x210.jpg 300w, https:\/\/www.adnature.be\/wp-content\/uploads\/2022\/04\/20220424_100117-scaled-e1650840092912-768x538.jpg 768w, https:\/\/www.adnature.be\/wp-content\/uploads\/2022\/04\/20220424_100117-scaled-e1650840092912-1536x1075.jpg 1536w, https:\/\/www.adnature.be\/wp-content\/uploads\/2022\/04\/20220424_100117-scaled-e1650840092912-2048x1434.jpg 2048w\" sizes=\"auto, (max-width: 706px) 89vw, (max-width: 767px) 82vw, 740px\" \/><\/figure>\n","protected":false},"excerpt":{"rendered":"<p>T\u00e9l\u00e9chargez le pdf de notre agenda 2026 : cliquez ici \ud83d\ude42 En fonction des besoins dans les r\u00e9serves naturelles et des envies du staff, des activit\u00e9s suppl\u00e9mentaires s&rsquo;organisent. N&rsquo;h\u00e9sitez pas \u00e0 nous suivre sur Facebook et\/ou \u00e0 vous inscrire \u00e0 notre newsletter pour connaitre les ajouts de derni\u00e8re minute ! Pour ce faire, compl\u00e9tez le &hellip; <\/p>\n<p class=\"link-more\"><a href=\"https:\/\/www.adnature.be\/index.php\/agenda\/\" class=\"more-link\">Continuer la lecture<span class=\"screen-reader-text\"> de &laquo;&nbsp;Agenda 2026&nbsp;&raquo;<\/span><\/a><\/p>\n","protected":false},"author":7,"featured_media":0,"parent":0,"menu_order":0,"comment_status":"closed","ping_status":"closed","template":"","meta":{"footnotes":""},"class_list":["post-158","page","type-page","status-publish","hentry"],"_links":{"self":[{"href":"https:\/\/www.adnature.be\/index.php\/wp-json\/wp\/v2\/pages\/158","targetHints":{"allow":["GET"]}}],"collection":[{"href":"https:\/\/www.adnature.be\/index.php\/wp-json\/wp\/v2\/pages"}],"about":[{"href":"https:\/\/www.adnature.be\/index.php\/wp-json\/wp\/v2\/types\/page"}],"author":[{"embeddable":true,"href":"https:\/\/www.adnature.be\/index.php\/wp-json\/wp\/v2\/users\/7"}],"replies":[{"embeddable":true,"href":"https:\/\/www.adnature.be\/index.php\/wp-json\/wp\/v2\/comments?post=158"}],"version-history":[{"count":49,"href":"https:\/\/www.adnature.be\/index.php\/wp-json\/wp\/v2\/pages\/158\/revisions"}],"predecessor-version":[{"id":665,"href":"https:\/\/www.adnature.be\/index.php\/wp-json\/wp\/v2\/pages\/158\/revisions\/665"}],"wp:attachment":[{"href":"https:\/\/www.adnature.be\/index.php\/wp-json\/wp\/v2\/media?parent=158"}],"curies":[{"name":"wp","href":"https:\/\/api.w.org\/{rel}","templated":true}]}}