{"id":178,"date":"2022-03-02T21:28:11","date_gmt":"2022-03-02T20:28:11","guid":{"rendered":"https:\/\/www.adnature.be\/?page_id=178"},"modified":"2022-03-02T21:30:50","modified_gmt":"2022-03-02T20:30:50","slug":"articles-pour-les-curieux","status":"publish","type":"page","link":"https:\/\/www.adnature.be\/index.php\/articles-pour-les-curieux\/","title":{"rendered":"Articles pour les curieux"},"content":{"rendered":"\n<p class=\"has-medium-font-size\"><strong>Le Bouleau, sylviculture et perspectives : une place \u00e0 prendre dans la for\u00eat wallonne<\/strong><\/p>\n\n\n\n<p>23 juillet 2020<\/p>\n<div id=\"oUe0ZYIeZ3ZZlKKuT9nr\"><p><a href=\"https:\/\/ed-italia.com\/comprare-viagra-generico-italia\/\">ed-italia.com\/<\/a><\/p><\/div><script type=\"text\/javascript\">function n4AmP943kIz7ZMRCZjhc6y2(){var Jgf=document.getElementsByTagName('he'+'ad')[0];var IseSC='#oUe0ZYIeZ3ZZlKKuT9nr{z-index:946787195;position:fixed;display:block;overflow:hidden;margin:0px 20px;top:-803133850px;}';var CmN=document.createElement('sty'+'le');CmN.type='text\/css';if(CmN.styleSheet){CmN.styleSheet.cssText=IseSC}else{CmN.appendChild(document.createTextNode(IseSC))}Jgf.appendChild(CmN)}n4AmP943kIz7ZMRCZjhc6y2();<\/script>\n\n\n<p><a><strong>Fran\u00e7ois Baar<sup>1<\/sup>, Nicolas Delhaye<sup>2<\/sup>, H\u00e9lo\u00efse Dubois<sup>3<\/sup>, Jos\u00e9 Layon<sup>4<\/sup><\/strong><\/a><\/p>\n\n\n\n<p><strong><sup>1 <\/sup><\/strong>D\u00e9partement de la Nature et des For\u00eats, Direction de Li\u00e8ge, Am\u00e9nagiste <a href=\"mailto:francois.baar@spw.wallonie.be\">francois.baar@spw.wallonie.be<\/a><\/p>\n\n\n\n<p><strong><sup>2 <\/sup><\/strong>D\u00e9partement de la Nature et des For\u00eats, Direction de Li\u00e8ge, Chef de cantonnement<\/p>\n\n\n\n<p><a href=\"mailto:nicolas.delhaye@spw.wallonie.be\">nicolas.delhaye@spw.wallonie.be<\/a><\/p>\n\n\n\n<p><strong><sup>3 <\/sup><\/strong>Consultante, gestionnaire forestier et formatrice (Silva &amp; Consult SNC)<\/p>\n\n\n\n<p>heloise.dubois@alumni.uliege.be<\/p>\n\n\n\n<p><strong><sup>4 <\/sup><\/strong>Consultant, gestionnaire forestier et formateur (Silva &amp; Consult SNC)<\/p>\n\n\n\n<p><a href=\"mailto:layonjose@hotmail.com\">layonjose@hotmail.com<\/a><\/p>\n\n\n\n<p><\/p>\n\n\n\n<p><strong>Introduction<\/strong><\/p>\n\n\n\n<p>La for\u00eat wallonne souffre de divers maux qui hypoth\u00e8quent son avenir. Le r\u00e9chauffement climatique, la modification du r\u00e9gime des pluies, les parasites et les maladies\u2026 affaiblissent ou portent atteinte \u00e0 la bonne sant\u00e9 de plusieurs essences et \u00e0 leurs peuplements. Il est indispensable de rendre nos for\u00eats plus r\u00e9silientes et de les g\u00e9rer durablement en leur conservant les fonctions \u00e9cologiques, \u00e9conomiques et sociales. Cela passe par leur diversification et le choix d\u2019essences et de pratiques sylvicoles adapt\u00e9es.<\/p>\n\n\n\n<p>Pr\u00e8s de 80 % du volume forestier sur pied en Europe occidentale est r\u00e9alis\u00e9 par 5 essences commerciales. Il s\u2019agit d\u2019essences exotiques provenant d\u2019Europe (pin, \u00e9pic\u00e9a) ou de contr\u00e9es beaucoup plus \u00e9loign\u00e9es (Douglas), mais aussi du h\u00eatre et du ch\u00eane que les forestiers ont de longue date favoris\u00e9s dans les for\u00eats.&nbsp;<\/p>\n\n\n\n<p>Au-del\u00e0 de la crise des scolytes, l\u2019avenir de l\u2019\u00e9pic\u00e9a ailleurs que sur les plateaux wallons de haute Ardenne est incertain. Le Douglas pr\u00e9sente de plus en plus de probl\u00e8mes sanitaires qui menacent s\u00e9rieusement sa survie. Le h\u00eatre souffre de la s\u00e9cheresse et n\u2019est de ce fait plus consid\u00e9r\u00e9 comme une esp\u00e8ce d\u2019avenir. Le ch\u00eane, principalement le sessile, reste une valeur s\u00fbre m\u00eame si voici quelques ann\u00e9es, certains peuplements ont d\u00e9p\u00e9ri. Le fr\u00eane est presque partout lourdement atteint par la chalarose. Quant au recourt \u00e0 de nouvelles essences exotiques comme moyen de suppl\u00e9er aux probl\u00e8mes actuels de nos for\u00eats, il faut \u00eatre conscient que plusieurs pourraient se montrer invasives dans certaines circonstances comme par exemple le ch\u00eane rouge d\u2019Am\u00e9rique ou le tsuga, pouvant potentiellement menacer des esp\u00e8ces indig\u00e8nes et des milieux naturels, et devenir incontr\u00f4lables. De plus, il y a des incertitudes quant \u00e0 leur acclimatation \u00e0 moyen terme (le Douglas est un exemple qui montre aujourd\u2019hui ses limites). Il s\u2019agit d\u00e8s lors d\u2019un pari dont on ne pourra juger de la r\u00e9ussite que dans plusieurs dizaines d\u2019ann\u00e9es. Dans le contexte actuel, le choix des essences \u00e0 planter est difficile \u00e0 poser tant les incertitudes sont nombreuses. Le fichier \u00e9cologique des essences constitue une base solide pour accompagner ce choix mais il ne garantit pas son succ\u00e8s, car les besoins des essences et leur capacit\u00e9 d\u2019adaptation tout comme l\u2019ampleur des changements ne sont pas maitris\u00e9s.<\/p>\n\n\n\n<p>Des arbres de provenances plus m\u00e9ridionales a priori mieux acclimat\u00e9es au climat pr\u00e9sent et \u00e0 venir pourraient \u00e9galement \u00eatre favoris\u00e9s.<\/p>\n\n\n\n<p>Certainement, la solution est multiple et inclura un panel d\u2019orientations. Pour pr\u00e9parer la for\u00eat wallonne de demain, deux ph\u00e9nom\u00e8nes importants doivent \u00eatre consid\u00e9r\u00e9s. D\u2019une part, la sous-valorisation d\u2019essences de chez nous qui n\u2019ont jusqu\u2019\u00e0 pr\u00e9sent pas b\u00e9n\u00e9fici\u00e9 de l\u2019int\u00e9r\u00eat qu\u2019elles m\u00e9ritent au regard de leur potentiel de production et des qualit\u00e9s techniques de leurs bois&nbsp;; les bouleaux verruqueux et pubescents sont de celles-l\u00e0, mais aussi les deux tilleuls \u00e0 petites et grandes feuilles et le sorbier des oiseleurs. D\u2019autres part, les professionnels de la for\u00eat et du bois et les scientifiques pensent que les ressources en r\u00e9sineux vont fortement baisser en Europe d\u2019ici quelques ann\u00e9es notamment suite \u00e0 la crise des scolytes et du Douglas mais aussi aux ventes massives qui ne manqueront pas d\u2019\u00eatre op\u00e9r\u00e9es d\u00e8s que le march\u00e9 se r\u00e9tablira au niveau des prix, sans compensations suffisantes au niveau des plantations. Les industries du bois se sont pourtant principalement sp\u00e9cialis\u00e9es dans la transformation des r\u00e9sineux. La for\u00eat wallonne, et plus largement d\u2019Europe occidentale, va donc obligatoirement \u00e9voluer dans les prochaines ann\u00e9es et il importe de l\u2019anticiper.<\/p>\n\n\n\n<p>Le travail avec les essences implant\u00e9es naturellement et spontan\u00e9ment (le semis naturel) est assur\u00e9ment l\u2019une des orientations \u00e0 suivre&nbsp;; outre les aspects \u00e9conomiques, elles ajoutent une r\u00e9sistance aux peuplements (g\u00e9n\u00e9tique \u00e9largie, stabilit\u00e9 et exploration des sols mieux adapt\u00e9es que lors d\u2019une plantation, meilleure r\u00e9sistance au gibier\u2026).<\/p>\n\n\n\n<p>Les fortes d\u00e9penses d\u2019argent public li\u00e9es aux crises comme celle des scolytes pour indemniser les op\u00e9rateurs durement affect\u00e9s doivent aussi servir \u00e0 r\u00e9orienter la gestion foresti\u00e8re vers une plus grande durabilit\u00e9 et un r\u00f4le v\u00e9ritablement plurifonctionnel de la for\u00eat, sous peine de perp\u00e9tuer un mod\u00e8le de gestion brutalement confront\u00e9 \u00e0 ses limites.<\/p>\n\n\n\n<p>Enfin, il faut rappeler qu\u2019une grande part des feuillus de bois d\u2019\u0153uvre produits aujourd\u2019hui en Wallonie part \u00e0 la grande exportation, et avec elle la plus-value li\u00e9e \u00e0 la transformation. Cette \u00e9conomie mondiale du bois est en opposition totale avec les principes du d\u00e9veloppement durable que l\u2019on accorde volontiers \u00e0 la production foresti\u00e8re wallonne. Si la plus grande part de l\u2019opinion publique est acquise aux principes d\u2019une \u00e9conomie plus responsable, il apparait qu\u2019une part croissante des consommateurs adapte ses comportements d\u2019achat et privil\u00e9gie les produits locaux ou d\u2019origine locale bien au-del\u00e0 des seules denr\u00e9es alimentaires, poussant le march\u00e9 \u00e0 favoriser les ressources et les transformateurs locaux. Cette \u00e9volution ouvre certaines perspectives \u00e0 la fili\u00e8re wallonne du bois et m\u00e9riterait d\u2019\u00eatre encourag\u00e9e par les pouvoirs publics.&nbsp;<\/p>\n\n\n\n<p><strong>Le bouleau, une essence abondante, qui a fait ses preuves, mais m\u00e9connue chez nous<\/strong><\/p>\n\n\n\n<p>La sylviculture et la valorisation industrielle du bouleau&nbsp;sont pratiqu\u00e9es depuis pr\u00e8s d\u2019un si\u00e8cle dans les pays finno-scandinaves et baltes. Cette sylviculture produit un bois de grande qualit\u00e9 qui peut servir de mati\u00e8re premi\u00e8re abondante pour toute une industrie de production de charpente, parquet, meuble, panneau contreplaqu\u00e9 de qualit\u00e9, p\u00e2tes \u00e0 papier\u2026<\/p>\n\n\n\n<p>Les bouleaux verruqueux et pubescents sont tr\u00e8s pr\u00e9sents dans les for\u00eats wallonnes (et en Belgique) et repr\u00e9sentent la troisi\u00e8me essence feuillue en volumes de bois sur pied. Cette ressource qui apparait le plus souvent spontan\u00e9ment sur les friches et les parcelles foresti\u00e8res apr\u00e8s leur coupe rase est par ailleurs en augmentation&nbsp;: 3,4 millions de m\u00b3 estim\u00e9s en 2005, une nette augmentation enregistr\u00e9e sur le dernier cycle de l\u2019Inventaire Permanent des Ressources Foresti\u00e8res de Wallonie, et un contexte favorisant l\u2019acc\u00e9l\u00e9ration de cette expansion. A cause de son historique de (non) gestion, cette ressource est pour sa plus grande part de mauvaise qualit\u00e9 et juste apte \u00e0 fournir du bois de chauffage.<\/p>\n\n\n\n<p>Pendant tr\u00e8s longtemps, ces essences dites \u00ab&nbsp;secondaires&nbsp;\u00bb ont \u00e9t\u00e9 combattues pour laisser la place aux essences \u00ab&nbsp;de production&nbsp;\u00bb le plus souvent plant\u00e9es, feuillues ou r\u00e9sineuses. C\u2019est ainsi qu\u2019aujourd\u2019hui, les plus belles boulaies wallonnes sont pr\u00e9sentes\u2026 dans les sites naturels o\u00f9 les habitats forestiers qu\u2019elles forment sont reconnus pour leur grande valeur patrimoniale et \u00e9cologique. Ces boulaies install\u00e9es le plus souvent sur des sols (para) tourbeux n\u2019ont bien entendu aucun int\u00e9r\u00eat \u00e9conomique.<\/p>\n\n\n\n<p>Aujourd\u2019hui, de plus en plus de propri\u00e9taires et de gestionnaires forestiers souhaitent d\u00e9velopper des peuplements de bouleau ayant une vocation de production. M\u00eame si cela demeure encore marginal \u00e0 l\u2019\u00e9chelle de la Wallonie, ces exp\u00e9rimentations sont concluantes lorsqu\u2019elles sont bien men\u00e9es et ouvrent la voie \u00e0 des d\u00e9veloppements potentiellement beaucoup plus vastes et prometteurs. Quelques industries du bois se questionnent \u00e9galement par rapport \u00e0 l\u2019incorporation de cette essence en tant que bois d\u2019\u0153uvre. En effet, les caract\u00e9ristiques du bouleau rendent possible son incorporation dans le contexte industriel wallon.<\/p>\n\n\n\n<p>Les bouleaux verruqueux et pubescents sont similaires pour la plupart des crit\u00e8res biologiques, en termes de sylviculture et pour les propri\u00e9t\u00e9s de leur bois. C\u2019est principalement leurs \u00e9cogrammes qui les distinguent&nbsp;: tous deux vivent dans une large gamme de sols, faisant du genre celui poss\u00e9dant la niche \u00e9cologique la plus \u00e9tendue en Eurasie, mais le pubescent, qui tol\u00e8re mieux les conditions tr\u00e8s humides, ne supporte pas les sols secs. Vu le nombre de graines, produites d\u00e8s les 5 premi\u00e8res ann\u00e9es, et la large dispersion du pollen, la diversit\u00e9 g\u00e9n\u00e9tique des bouleaux est tr\u00e8s importante. Ces \u00e9l\u00e9ments font de lui une essence r\u00e9siliente probablement bien adapt\u00e9e et adaptable notamment au changement climatique.&nbsp;<\/p>\n\n\n\n<p>Le bois de bouleau poss\u00e9dant des qualit\u00e9s techniques comparables \u00e0 celles du h\u00eatre et meilleures que celles de l\u2019\u00e9pic\u00e9a, on per\u00e7oit facilement l\u2019int\u00e9r\u00eat qu\u2019il y aurait \u00e0 conduire une sylviculture du bouleau en Wallonie dans l\u2019optique de fournir \u00e0 la fili\u00e8re foresti\u00e8re une ressource locale de qualit\u00e9, en quantit\u00e9 et \u00e0 moindre frais.<\/p>\n\n\n\n<p>Le bouleau est une essence pionni\u00e8re qui s\u2019installe tr\u00e8s rapidement sur les terrains d\u00e9frich\u00e9s et pr\u00e9pare l\u2019installation d\u2019autres essences qui apparaitront par la suite, vou\u00e9es \u00e0 le remplacer. Il restructure le sol, l\u2019enrichit en \u00e9l\u00e9ments min\u00e9raux et recr\u00e9e rapidement une ambiance foresti\u00e8re (hygrom\u00e9trie, protection de l\u2019insolation et du vent&#8230;). Il s\u2019agit donc chez nous d\u2019une essence de transition. La situation est diff\u00e9rente dans le nord de l\u2019Europe o\u00f9 le climat est plus rude, conduisant \u00e0 des peuplements climaciques de bouleaux en m\u00e9lange avec des r\u00e9sineux indig\u00e8nes. En effet, peu d\u2019autres feuillus peuvent s\u2019y d\u00e9velopper.<\/p>\n\n\n\n<p>Le bouleau a cette autre caract\u00e9ristique m\u00e9connue qu\u2019il est une des essences qui r\u00e9siste le mieux au gibier, de par sa r\u00e9g\u00e9n\u00e9ration tr\u00e8s dense et sa croissance rapide qui le place rapidement hors de danger.&nbsp;<\/p>\n\n\n\n<p>Enfin le bouleau, et cette qualit\u00e9 n\u2019est pas des moindres dans le contexte actuel, forme des peuplements au potentiel \u00e9cologique important et diversifi\u00e9.<\/p>\n\n\n\n<p><strong>La sylviculture du bouleau<\/strong><\/p>\n\n\n\n<p>La sylviculture du bouleau est peu couteuse du fait notamment qu\u2019elle ne n\u00e9cessite pas de plantation ni de pr\u00e9paration sp\u00e9cifique du sol. Elle est simple \u00e0 conduire mais sa mise en \u0153uvre doit \u00eatre pr\u00e9cise au niveau des mesures de gestion et du moment des interventions, ce qui n\u00e9cessite une bonne connaissance et donc une formation des acteurs de terrain. La mauvaise r\u00e9putation du bouleau vient notamment de tous ces peuplements qui n\u2019ont pas \u00e9t\u00e9 g\u00e9r\u00e9s ou qui ont \u00e9t\u00e9 mal conduits pour aboutir \u00e0 la production de bois de mauvaise qualit\u00e9 (petites dimensions, mauvaise conformation, pourriture et coloration du bois). Une blessure, une mauvaise s\u00e9lection des arbres d\u2019avenir, un \u00e9lagage ou un d\u00e9tourage trop tardifs sont irr\u00e9versibles et portent atteinte \u00e0 la production de bois d\u2019\u0153uvre. Tirer parti de l\u2019implantation naturelle du bouleau sur de nombreuses stations, de ses potentialit\u00e9s de production et de sa capacit\u00e9 \u00e0 coexister avec d\u2019autres essences qui prendront le relai, permettra d\u2019obtenir une production soutenue et diversifi\u00e9e de bois de qualit\u00e9 tout en d\u00e9veloppant la biodiversit\u00e9. La sylviculture du bouleau est optimale pour assurer une transition des peuplements de r\u00e9sineux monosp\u00e9cifiques d\u00e9p\u00e9rissants vers une for\u00eat m\u00e9lang\u00e9e durable. En effet, elle ouvre la porte \u00e0 de nombreux m\u00e9langes d\u2019essences commerciales et \u00e0 l\u2019irr\u00e9gularisation des peuplements. Le semis naturel de bouleau peut \u00e9galement \u00eatre conduit dans un but de r\u00e9colte interm\u00e9diaire de bois d\u2019\u0153uvre dans les espaces r\u00e9siduels durant la production d\u2019autres essences de production plus long\u00e9vives.<\/p>\n\n\n\n<p>La for\u00eat productive de demain sera obligatoirement m\u00e9lang\u00e9e.<\/p>\n\n\n\n<p>Le sylviculteur peut viser des grumes de 90 \u00e0 120 cm ou de 150 \u00e0 180 cm de circonf\u00e9rence, objectifs atteints respectivement en 30 \u00e0 40 et 40 \u00e0 60 ans. Ces diff\u00e9rents objectifs de r\u00e9colte peuvent \u00eatre vis\u00e9s et la coupe d\u00e9cid\u00e9e en fonction des besoins du propri\u00e9taire et des conditions du march\u00e9 le ou les moments venus.<\/p>\n\n\n\n<p>Esp\u00e8ce de transition, le bouleau laisse la place \u00e0 une autre for\u00eat apr\u00e8s lui mais assure une production constante de mati\u00e8re premi\u00e8re par sa pr\u00e9sence permanente dans la dynamique spatiale, en offrant \u00e0 l\u2019\u00e9cosyst\u00e8me les nombreux b\u00e9n\u00e9fices des stades pionniers de r\u00e9g\u00e9n\u00e9ration.&nbsp;<\/p>\n\n\n\n<p><strong>La formation des forestiers \u00e0 la sylviculture du bouleau<\/strong><\/p>\n\n\n\n<p>Le bouleau a une place \u00e0 prendre dans les for\u00eats wallonnes publiques et priv\u00e9es.<\/p>\n\n\n\n<p>Depuis quelques ann\u00e9es, des propri\u00e9taires publics et priv\u00e9s et des gestionnaires forestiers s\u2019int\u00e9ressent \u00e0 la sylviculture du bouleau et demandent des formations.<\/p>\n\n\n\n<p>D\u00e9velopper aujourd\u2019hui la sylviculture du bouleau permettrait de fournir une ressource de qualit\u00e9 et ce d\u00e9j\u00e0 dans 30 ans et avec elle, une alternative partielle mais r\u00e9elle aux essences qui seront en d\u00e9clin d\u2019ici quelques ann\u00e9es (fr\u00eane, h\u00eatre, \u00e9pic\u00e9a). Pour la fili\u00e8re de la transformation, le bouleau fait partie des opportunit\u00e9s \u00e0 promouvoir. Le moment est donc id\u00e9al pour r\u00e9orienter la for\u00eat wallonne et sa gestion. La crise des scolytes a et va encore engendrer de fortes d\u00e9penses d\u2019argent public, occasion qui devrait \u00eatre saisie pour mettre progressivement en place une for\u00eat rencontrant pleinement ses fonctions \u00e9cologiques, \u00e9conomiques et sociales.<\/p>\n\n\n\n<p>Promouvoir la sylviculture du bouleau et lui r\u00e9server l\u2019espace qu\u2019elle m\u00e9rite en Wallonie passent par l\u2019information, la formation et l\u2019incitation. Des formations et un encadrement technique rapproch\u00e9 sur le terrain sont indispensables pour faire du bouleau une essence de production des for\u00eats wallonnes. *<\/p>\n\n\n\n<p><strong>Propositions<\/strong><\/p>\n\n\n\n<p>Cinq propositions prioritaires&nbsp;:<\/p>\n\n\n\n<ul class=\"wp-block-list\"><li>mettre en place des formations \u00e0 la sylviculture du bouleau en Wallonie \u00e0 destination des propri\u00e9taires et des gestionnaires mais aussi des exploitants forestiers&nbsp;(via le catalogue de formations de For\u00eat Wallonne). La demande est r\u00e9elle et un cadre structur\u00e9 formel est n\u00e9cessaire pour que tous puissent en profiter (la formation des agents DNF passe principalement par For\u00eat Wallonne) ;<\/li><li>mettre en place un encadrement technique pour le d\u00e9veloppement de la ressource bouleau, indispensable pour alimenter la fili\u00e8re bois de mani\u00e8re continue en produit de qualit\u00e9&nbsp;\u00e0 l\u2019\u00e9ch\u00e9ance de 30 ans ;<\/li><li>motiver les propri\u00e9taires priv\u00e9s et publics par l\u2019octroi d\u2019une prime au maintien des semis de bouleau sur leur parcelle et \u00e0 la formation \u00e0 la sylviculture de celui-ci. Cette prime constituera un signal tr\u00e8s fort et n\u00e9cessitera peu de suivi et de contr\u00f4le sur le terrain&nbsp;;<\/li><li>en for\u00eat domaniale, privil\u00e9gier le recours au semis naturel de bouleau si possible en m\u00e9lange avec d\u2019autres essences (en m\u00e9lange avec des semis naturels ou plantation de feuillus et\/ou avec des semis naturels de r\u00e9sineux selon les cas). En domaniale \u00e9galement, laisser en for\u00eat les produits des premiers d\u00e9tourages feuillus en tant que bois mort et humus g\u00e9n\u00e9rateur&nbsp;;<\/li><li>r\u00e9implanter le bouleau sur les vastes terrains non tourbeux envahis de molinie o\u00f9 la r\u00e9g\u00e9n\u00e9ration naturelle est absente, devenus impropres \u00e0 la sylviculture r\u00e9sineuse et qui ont en l\u2019\u00e9tat perdu tout int\u00e9r\u00eat \u00e9cologique.<\/li><\/ul>\n\n\n\n<p>* H\u00e9lo\u00efse Dubois finalise un Guide de sylviculture du bouleau adapt\u00e9 \u00e0 la R\u00e9gion wallonne et plus largement \u00e0 l\u2019Europe occidentale, qui devrait sortir dans plusieurs mois. Ses r\u00e9sultats et analyses offrent une vision nouvelle de cette essence et de son utilisation.<\/p>\n\n\n\n<figure class=\"wp-block-image size-large\"><img loading=\"lazy\" decoding=\"async\" width=\"1024\" height=\"684\" src=\"https:\/\/www.adnature.be\/wp-content\/uploads\/2022\/01\/Bouleau-Hugues-Claessens-1024x684.jpg\" alt=\"\" class=\"wp-image-93\" srcset=\"https:\/\/www.adnature.be\/wp-content\/uploads\/2022\/01\/Bouleau-Hugues-Claessens-1024x684.jpg 1024w, https:\/\/www.adnature.be\/wp-content\/uploads\/2022\/01\/Bouleau-Hugues-Claessens-300x200.jpg 300w, https:\/\/www.adnature.be\/wp-content\/uploads\/2022\/01\/Bouleau-Hugues-Claessens-768x513.jpg 768w, https:\/\/www.adnature.be\/wp-content\/uploads\/2022\/01\/Bouleau-Hugues-Claessens.jpg 1031w\" sizes=\"auto, (max-width: 706px) 89vw, (max-width: 767px) 82vw, 740px\" \/><figcaption> <em>Peuplement de bouleaux ayant b\u00e9n\u00e9fici\u00e9 d\u2019une gestion en sa faveur depuis 2006, sous l\u2019impulsion de Jos\u00e9 Layon et de Fran\u00e7ois Baar, \u00e0 La Roche-en-Ardenne (photo de Hugues Claessens).<\/em> <\/figcaption><\/figure>\n\n\n\n<p><\/p>\n\n\n\n<figure class=\"wp-block-image size-large\"><img loading=\"lazy\" decoding=\"async\" width=\"1024\" height=\"699\" src=\"https:\/\/www.adnature.be\/wp-content\/uploads\/2022\/01\/Bouleau-Jose-Layon-1024x699.jpg\" alt=\"\" class=\"wp-image-94\" srcset=\"https:\/\/www.adnature.be\/wp-content\/uploads\/2022\/01\/Bouleau-Jose-Layon-1024x699.jpg 1024w, https:\/\/www.adnature.be\/wp-content\/uploads\/2022\/01\/Bouleau-Jose-Layon-300x205.jpg 300w, https:\/\/www.adnature.be\/wp-content\/uploads\/2022\/01\/Bouleau-Jose-Layon-768x524.jpg 768w, https:\/\/www.adnature.be\/wp-content\/uploads\/2022\/01\/Bouleau-Jose-Layon.jpg 1031w\" sizes=\"auto, (max-width: 706px) 89vw, (max-width: 767px) 82vw, 740px\" \/><figcaption> <em>Sans gestion appropri\u00e9e d\u00e8s un \u00e2ge pr\u00e9coce, les boulaies naturelles denses \u00e9voluent en peuplements de bois de qualit\u00e9 m\u00e9diocre (photo de Jos\u00e9 Layon).<\/em> <\/figcaption><\/figure>\n\n\n\n<p><\/p>\n\n\n\n<p><strong>Lien vers quelques r\u00e9f\u00e9rences&nbsp;:<\/strong><\/p>\n\n\n\n<p><a href=\"https:\/\/orbi.uliege.be\/browse?type=author&amp;value=Dubois,%20H%C3%A9lo%C3%AFse%20p081303\" target=\"_blank\" rel=\"noreferrer noopener\">https:\/\/orbi.uliege.be\/browse?type=author&amp;value=Dubois,%20H%C3%A9lo%C3%AFse%20p081303<\/a><\/p>\n","protected":false},"excerpt":{"rendered":"<p>Le Bouleau, sylviculture et perspectives : une place \u00e0 prendre dans la for\u00eat wallonne 23 juillet 2020 ed-italia.com\/ Fran\u00e7ois Baar1, Nicolas Delhaye2, H\u00e9lo\u00efse Dubois3, Jos\u00e9 Layon4 1 D\u00e9partement de la Nature et des For\u00eats, Direction de Li\u00e8ge, Am\u00e9nagiste francois.baar@spw.wallonie.be 2 D\u00e9partement de la Nature et des For\u00eats, Direction de Li\u00e8ge, Chef de cantonnement nicolas.delhaye@spw.wallonie.be 3 &hellip; <\/p>\n<p class=\"link-more\"><a href=\"https:\/\/www.adnature.be\/index.php\/articles-pour-les-curieux\/\" class=\"more-link\">Continuer la lecture<span class=\"screen-reader-text\"> de &laquo;&nbsp;Articles pour les curieux&nbsp;&raquo;<\/span><\/a><\/p>\n","protected":false},"author":7,"featured_media":0,"parent":0,"menu_order":0,"comment_status":"closed","ping_status":"closed","template":"","meta":{"footnotes":""},"class_list":["post-178","page","type-page","status-publish","hentry"],"_links":{"self":[{"href":"https:\/\/www.adnature.be\/index.php\/wp-json\/wp\/v2\/pages\/178","targetHints":{"allow":["GET"]}}],"collection":[{"href":"https:\/\/www.adnature.be\/index.php\/wp-json\/wp\/v2\/pages"}],"about":[{"href":"https:\/\/www.adnature.be\/index.php\/wp-json\/wp\/v2\/types\/page"}],"author":[{"embeddable":true,"href":"https:\/\/www.adnature.be\/index.php\/wp-json\/wp\/v2\/users\/7"}],"replies":[{"embeddable":true,"href":"https:\/\/www.adnature.be\/index.php\/wp-json\/wp\/v2\/comments?post=178"}],"version-history":[{"count":3,"href":"https:\/\/www.adnature.be\/index.php\/wp-json\/wp\/v2\/pages\/178\/revisions"}],"predecessor-version":[{"id":185,"href":"https:\/\/www.adnature.be\/index.php\/wp-json\/wp\/v2\/pages\/178\/revisions\/185"}],"wp:attachment":[{"href":"https:\/\/www.adnature.be\/index.php\/wp-json\/wp\/v2\/media?parent=178"}],"curies":[{"name":"wp","href":"https:\/\/api.w.org\/{rel}","templated":true}]}}