{"id":214,"date":"2022-04-12T21:05:10","date_gmt":"2022-04-12T19:05:10","guid":{"rendered":"https:\/\/www.adnature.be\/?page_id=214"},"modified":"2026-03-06T16:23:27","modified_gmt":"2026-03-06T15:23:27","slug":"revues","status":"publish","type":"page","link":"https:\/\/www.adnature.be\/index.php\/revues\/","title":{"rendered":"Revues"},"content":{"rendered":"\n<p>Revue de 2026 : \u00e0 t\u00e9l\u00e9charger <a href=\"https:\/\/www.adnature.be\/wp-content\/uploads\/2026\/03\/Revue-ADN-2026.pdf\" data-type=\"attachment\" data-id=\"673\">ici<\/a><\/p>\n\n\n\n<p>Revue de 2025 : \u00e0 t\u00e9l\u00e9charger <a href=\"https:\/\/www.adnature.be\/wp-content\/uploads\/2026\/03\/Revue-ADN-2025.pdf\" data-type=\"attachment\" data-id=\"672\">ici<\/a><\/p>\n\n\n\n<p>Revue de 2024 : \u00e0 t\u00e9l\u00e9charger <a href=\"https:\/\/www.adnature.be\/wp-content\/uploads\/2026\/03\/Revue-ADN-2024.pdf\" data-type=\"attachment\" data-id=\"671\">ici<\/a><\/p>\n\n\n\n<p>Revue de 2023 : \u00e0 t\u00e9l\u00e9charger <a href=\"https:\/\/www.adnature.be\/wp-content\/uploads\/2026\/03\/Revue-ADN-2023.pdf\" data-type=\"attachment\" data-id=\"670\">ici<\/a><\/p>\n\n\n\n<p>Revue de 2022 : \u00e0 t\u00e9l\u00e9charger <a href=\"https:\/\/www.adnature.be\/wp-content\/uploads\/2022\/05\/Revue-ADN-2022-pour-site.pdf\" target=\"_blank\" rel=\"noreferrer noopener\">ici<\/a><\/p>\n\n\n\n<p>Revue de 2021 : \u00e0 t\u00e9l\u00e9charger <a href=\"https:\/\/www.adnature.be\/wp-content\/uploads\/2022\/05\/Revue-ADN-2021-pour-site.pdf\" target=\"_blank\" rel=\"noreferrer noopener\">ici<\/a><\/p>\n","protected":false},"excerpt":{"rendered":"<p>Revue de 2026 : \u00e0 t\u00e9l\u00e9charger ici Revue de 2025 : \u00e0 t\u00e9l\u00e9charger ici Revue de 2024 : \u00e0 t\u00e9l\u00e9charger ici Revue de 2023 : \u00e0 t\u00e9l\u00e9charger ici Revue de 2022 : \u00e0 t\u00e9l\u00e9charger ici Revue de 2021 : \u00e0 t\u00e9l\u00e9charger ici<\/p>\n","protected":false},"author":7,"featured_media":0,"parent":0,"menu_order":0,"comment_status":"closed","ping_status":"closed","template":"","meta":{"footnotes":""},"class_list":["post-214","page","type-page","status-publish","hentry"],"_links":{"self":[{"href":"https:\/\/www.adnature.be\/index.php\/wp-json\/wp\/v2\/pages\/214","targetHints":{"allow":["GET"]}}],"collection":[{"href":"https:\/\/www.adnature.be\/index.php\/wp-json\/wp\/v2\/pages"}],"about":[{"href":"https:\/\/www.adnature.be\/index.php\/wp-json\/wp\/v2\/types\/page"}],"author":[{"embeddable":true,"href":"https:\/\/www.adnature.be\/index.php\/wp-json\/wp\/v2\/users\/7"}],"replies":[{"embeddable":true,"href":"https:\/\/www.adnature.be\/index.php\/wp-json\/wp\/v2\/comments?post=214"}],"version-history":[{"count":7,"href":"https:\/\/www.adnature.be\/index.php\/wp-json\/wp\/v2\/pages\/214\/revisions"}],"predecessor-version":[{"id":675,"href":"https:\/\/www.adnature.be\/index.php\/wp-json\/wp\/v2\/pages\/214\/revisions\/675"}],"wp:attachment":[{"href":"https:\/\/www.adnature.be\/index.php\/wp-json\/wp\/v2\/media?parent=214"}],"curies":[{"name":"wp","href":"https:\/\/api.w.org\/{rel}","templated":true}]}}