{"id":59,"date":"2021-09-07T21:27:46","date_gmt":"2021-09-07T19:27:46","guid":{"rendered":"https:\/\/www.adnature.be\/?page_id=59"},"modified":"2022-03-02T21:26:40","modified_gmt":"2022-03-02T20:26:40","slug":"projets","status":"publish","type":"page","link":"https:\/\/www.adnature.be\/index.php\/projets\/","title":{"rendered":"Projets"},"content":{"rendered":"\n<p>Pour ceux qui nous lisent pour la 1re\u00a0fois, nous vous pr\u00e9sentons les actions men\u00e9es par AD&amp;N ces derni\u00e8res ann\u00e9es et regroup\u00e9es par th\u00e9matique. Naviguez dans le menu d\u00e9roulant \u00ab\u00a0Projets\u00a0\u00bb pour en savoir plus&#8230;<\/p>\n<a href=\"https:\/\/ed-nederland.com\/kamagra-oral-jelly-kopen-online\/\">ed-nederland.com<\/a>","protected":false},"excerpt":{"rendered":"<p>Pour ceux qui nous lisent pour la 1re\u00a0fois, nous vous pr\u00e9sentons les actions men\u00e9es par AD&amp;N ces derni\u00e8res ann\u00e9es et regroup\u00e9es par th\u00e9matique. Naviguez dans le menu d\u00e9roulant \u00ab\u00a0Projets\u00a0\u00bb pour en savoir plus&#8230; ed-nederland.com<\/p>\n","protected":false},"author":1,"featured_media":0,"parent":0,"menu_order":0,"comment_status":"closed","ping_status":"closed","template":"","meta":{"footnotes":""},"class_list":["post-59","page","type-page","status-publish","hentry"],"_links":{"self":[{"href":"https:\/\/www.adnature.be\/index.php\/wp-json\/wp\/v2\/pages\/59","targetHints":{"allow":["GET"]}}],"collection":[{"href":"https:\/\/www.adnature.be\/index.php\/wp-json\/wp\/v2\/pages"}],"about":[{"href":"https:\/\/www.adnature.be\/index.php\/wp-json\/wp\/v2\/types\/page"}],"author":[{"embeddable":true,"href":"https:\/\/www.adnature.be\/index.php\/wp-json\/wp\/v2\/users\/1"}],"replies":[{"embeddable":true,"href":"https:\/\/www.adnature.be\/index.php\/wp-json\/wp\/v2\/comments?post=59"}],"version-history":[{"count":2,"href":"https:\/\/www.adnature.be\/index.php\/wp-json\/wp\/v2\/pages\/59\/revisions"}],"predecessor-version":[{"id":177,"href":"https:\/\/www.adnature.be\/index.php\/wp-json\/wp\/v2\/pages\/59\/revisions\/177"}],"wp:attachment":[{"href":"https:\/\/www.adnature.be\/index.php\/wp-json\/wp\/v2\/media?parent=59"}],"curies":[{"name":"wp","href":"https:\/\/api.w.org\/{rel}","templated":true}]}}