{"id":597,"date":"2025-12-07T20:31:30","date_gmt":"2025-12-07T19:31:30","guid":{"rendered":"https:\/\/www.adnature.be\/?page_id=597"},"modified":"2026-03-06T15:39:13","modified_gmt":"2026-03-06T14:39:13","slug":"plantation-darbres-isoles","status":"publish","type":"page","link":"https:\/\/www.adnature.be\/index.php\/projets\/plantation-darbres-isoles\/","title":{"rendered":"2026 &#8211; Plantation d&rsquo;arbres isol\u00e9s en milieu agricole"},"content":{"rendered":"\n<p>Un \u00e9norme merci \u00e0 tous les contributeurs au projet \ud83d\ude42 Plus de 50 personnes ont permis d&rsquo;atteindre 5471\u20ac de dons !<br><\/p>\n\n\n\n<p><strong>De quoi s\u2019agit-il ?<\/strong><\/p>\n\n\n\n<p>Ayant r\u00e9colt\u00e9 les moyens financiers suffisants, nous avons plant\u00e9 plus de 60 arbres isol\u00e9s (ou install\u00e9s en duo) dans les milieux agricoles de Theux : prairies, cultures, bords de sentier. Les essences choisies seront adapt\u00e9es aux sols mais il s\u2019agit toujours d\u2019arbres pr\u00e9sentant une grande long\u00e9vit\u00e9 et un int\u00e9r\u00eat \u00e9cologique non n\u00e9gligeable : Ch\u00eane sessile, Tilleul \u00e0 petites\/grandes feuilles, Charme commun, Aulne glutineux, Erable champ\u00eatre, Noyer commun, Merisier &#8230;<\/p>\n\n\n\n<p>Il s\u2019agit typiquement du type d\u2019arbres qui contribue au charme de nos paysages et qui font le bonheur d\u2019une faune et microfaune incroyablement diversifi\u00e9e. Nous ambitionnons donc de planter la \u00ab g\u00e9n\u00e9ration de demain \u00bb en collaborant avec quelques propri\u00e9taires et agriculteurs volontaires, lesquels s\u2019engagent bien entendu \u00e0 maintenir ces arbres \u00e0 long terme.<\/p>\n\n\n\n<figure class=\"wp-block-image size-large\"><img loading=\"lazy\" decoding=\"async\" width=\"1024\" height=\"536\" src=\"https:\/\/www.adnature.be\/wp-content\/uploads\/2025\/12\/TSVoc7RDQPYyOX8p-1024x536.png\" alt=\"\" class=\"wp-image-606\" srcset=\"https:\/\/www.adnature.be\/wp-content\/uploads\/2025\/12\/TSVoc7RDQPYyOX8p-1024x536.png 1024w, https:\/\/www.adnature.be\/wp-content\/uploads\/2025\/12\/TSVoc7RDQPYyOX8p-300x157.png 300w, https:\/\/www.adnature.be\/wp-content\/uploads\/2025\/12\/TSVoc7RDQPYyOX8p-768x402.png 768w, https:\/\/www.adnature.be\/wp-content\/uploads\/2025\/12\/TSVoc7RDQPYyOX8p.png 1363w\" sizes=\"auto, (max-width: 706px) 89vw, (max-width: 767px) 82vw, 740px\" \/><\/figure>\n\n\n\n<p><\/p>\n\n\n\n<p><strong>Lancement du projet en 2026<\/strong><\/p>\n\n\n\n<p>Pour cette premi\u00e8re ann\u00e9e, c\u2019est autour du <strong>village d\u2019Oneux<\/strong> que nous avons eu le plaisir de travailler. Esp\u00e9rons que ce projet fera des \u00e9mules et que nous puissions progressivement agir sur le reste de notre belle r\u00e9gion.<\/p>\n\n\n\n<p>Vous trouverez sur l&rsquo;image ci-dessous les emplacements o\u00f9 nous avions pr\u00e9vu les plantations, en concertation avec des agriculteurs pr\u00e9sents sur Oneux. Les plantations ont eu lieu fin f\u00e9vrier\/d\u00e9but mars 2026. <\/p>\n\n\n\n<figure class=\"wp-block-image size-large\"><img loading=\"lazy\" decoding=\"async\" width=\"1024\" height=\"465\" src=\"https:\/\/www.adnature.be\/wp-content\/uploads\/2025\/12\/2b0717af-055c-48d9-97ab-adbf6089ff09-1-1024x465.jpg\" alt=\"\" class=\"wp-image-621\" srcset=\"https:\/\/www.adnature.be\/wp-content\/uploads\/2025\/12\/2b0717af-055c-48d9-97ab-adbf6089ff09-1-1024x465.jpg 1024w, https:\/\/www.adnature.be\/wp-content\/uploads\/2025\/12\/2b0717af-055c-48d9-97ab-adbf6089ff09-1-300x136.jpg 300w, https:\/\/www.adnature.be\/wp-content\/uploads\/2025\/12\/2b0717af-055c-48d9-97ab-adbf6089ff09-1-768x349.jpg 768w, https:\/\/www.adnature.be\/wp-content\/uploads\/2025\/12\/2b0717af-055c-48d9-97ab-adbf6089ff09-1.jpg 1175w\" sizes=\"auto, (max-width: 706px) 89vw, (max-width: 767px) 82vw, 740px\" \/><\/figure>\n\n\n\n<p><\/p>\n\n\n\n<p><strong>Quels int\u00e9r\u00eats \u00e9cologiques ?<\/strong><\/p>\n\n\n\n<p>Contrairement aux arbres fruitiers d\u00e9j\u00e0 plant\u00e9s sur la commune, les arbres envisag\u00e9s ici ont une dur\u00e9e de vie qui leur est, et de tr\u00e8s loin, sup\u00e9rieure. Cette caract\u00e9ristique contribue donc \u00e0 leur donner une plus-value \u00e9cologique de premier ordre, d\u2019autant qu\u2019en vieillissant, ils offrent de nombreuses cavit\u00e9s de toutes tailles, utiles \u00e0 de nombreuses esp\u00e8ces dont nos oiseaux cavernicoles.<\/p>\n\n\n\n<p>Autre avantage non n\u00e9gligeable, ils ne n\u00e9cessitent que tr\u00e8s peu d\u2019entretien pendant leurs premi\u00e8res ann\u00e9es apr\u00e8s quoi ils peuvent continuer leur route sans notre aide, ou presque : travail minimum \u2013 efficacit\u00e9 maximale.<\/p>\n\n\n\n<p>Ces arbres viennent compl\u00e9ter efficacement le maillage \u00e9cologique agricole, devenant des points relais importants pour certaines esp\u00e8ces (connectivit\u00e9 \u00e9cologique), voire des milieux de vie complets pour d\u2019autres.<\/p>\n\n\n\n<p>La biodiversit\u00e9 de ces \u00e9l\u00e9ments paysagers ne se r\u00e9sume par aux quelques esp\u00e8ces plus ou moins visibles que sont les oiseaux ou les insectes. Leur v\u00e9ritable richesse est surtout\u2026 microscopique : minuscules arthropodes, champignons, bact\u00e9ries, protistes, etc. Ces micro-habitats constituent des spots de conservation de toute une communaut\u00e9 vivante qui tend \u00e0 r\u00e9gresser dans nos campagnes, jouant pourtant une fonction de premier ordre dans le fonctionnement des \u00e9cosyst\u00e8mes, la formation des sols, le stockage du carbone \u2026<\/p>\n\n\n\n<figure class=\"wp-block-image size-full\"><img loading=\"lazy\" decoding=\"async\" width=\"565\" height=\"370\" src=\"https:\/\/www.adnature.be\/wp-content\/uploads\/2025\/12\/image-4.png\" alt=\"\" class=\"wp-image-615\" srcset=\"https:\/\/www.adnature.be\/wp-content\/uploads\/2025\/12\/image-4.png 565w, https:\/\/www.adnature.be\/wp-content\/uploads\/2025\/12\/image-4-300x196.png 300w\" sizes=\"auto, (max-width: 565px) 100vw, 565px\" \/><\/figure>\n\n\n\n<p>Dans bien des lieux de production agricole, les arbres isol\u00e9s et leurs alentours (tapis herbac\u00e9, haies\u2026) peuvent \u00eatre d\u2019une grande aide dans le contr\u00f4le de certains ravageurs, venant renforcer les fonctionnalit\u00e9s des haies. C\u2019est le principe m\u00eame de la \u00ab lutte biologique par conservation \u00bb.<\/p>\n\n\n\n<p>Bien au-del\u00e0 de cette simple \u00e9num\u00e9ration, loin d\u2019\u00eatre exhaustive, de leurs int\u00e9r\u00eats \u00e9cologiques, ces arbres sont aussi tout simplement superbes et contribuent ind\u00e9niablement \u00e0 la qualit\u00e9 de nos paysages que chacun peut appr\u00e9cier quotidiennement sans m\u00eame y pr\u00eater attention.<\/p>\n\n\n\n<figure class=\"wp-block-image size-large\"><img loading=\"lazy\" decoding=\"async\" width=\"1024\" height=\"491\" src=\"https:\/\/www.adnature.be\/wp-content\/uploads\/2025\/12\/ylawUZOrNp73VzHD-1024x491.png\" alt=\"\" class=\"wp-image-610\" srcset=\"https:\/\/www.adnature.be\/wp-content\/uploads\/2025\/12\/ylawUZOrNp73VzHD-1024x491.png 1024w, https:\/\/www.adnature.be\/wp-content\/uploads\/2025\/12\/ylawUZOrNp73VzHD-300x144.png 300w, https:\/\/www.adnature.be\/wp-content\/uploads\/2025\/12\/ylawUZOrNp73VzHD-768x368.png 768w, https:\/\/www.adnature.be\/wp-content\/uploads\/2025\/12\/ylawUZOrNp73VzHD.png 1318w\" sizes=\"auto, (max-width: 706px) 89vw, (max-width: 767px) 82vw, 740px\" \/><\/figure>\n\n\n\n<p><\/p>\n\n\n\n<p><strong>Co\u00fbts<\/strong><\/p>\n\n\n\n<p>Ce type d\u2019am\u00e9nagement co\u00fbte assez cher mais varie selon le type de protection n\u00e9cessaire pour pr\u00e9venir les d\u00e9g\u00e2ts de gibier ou du b\u00e9tail.<\/p>\n\n\n\n<p>Concr\u00e8tement, le co\u00fbt global est de 110 \u00e0 150\u20ac (tvac) par unit\u00e9 : arbre HT10-12r.n., terreau, tuteur, protection b\u00e9tail \u2018lourde\u2019 ou contre gibier, ligature et tuteurage de t\u00eate, trouaison, \u2026 Nous souhaitons v\u00e9ritablement donner toutes les chances \u00e0 ces am\u00e9nagements de pouvoir s\u2019installer pour potentiellement plusieurs si\u00e8cles \ud83d\ude00<\/p>\n\n\n\n<p>Ce projet est particuli\u00e8rement int\u00e9ressant car, contrairement aux plantations de haies et d\u2019arbres fruitiers, il n\u2019y a pas de v\u00e9ritables aides publiques pour ces plantations. C\u2019est cette situation et l\u2019int\u00e9r\u00eat \u00e9cologique ind\u00e9niable de ces arbres qui ont pouss\u00e9 AD&amp;N vers cette action que nous avons su mettre en \u0153uvre avec l&rsquo;aide de nombreux contributeurs \ud83d\ude42<\/p>\n\n\n\n<p><\/p>\n\n\n\n<p><strong>Suites : <\/strong><\/p>\n\n\n\n<p>=> Notez d\u00e9j\u00e0 la date du <strong>18 avril 2026 <\/strong>dans vos agendas pour la sortie d\u00e9di\u00e9e aux parrains qui ont soutenu le projet \ud83d\ude00<\/p>\n\n\n\n<p><strong>Nous comptons renouveler cette action<\/strong> dans les prochaines ann\u00e9es dans d&rsquo;autres villages de la commune de Theux. <\/p>\n\n\n\n<p>N&rsquo;h\u00e9sitez pas \u00e0 d&rsquo;ors et d\u00e9j\u00e0 soutenir l&rsquo;ensemble de nos projets, via un don sur le compte d&rsquo;<em>Agir pour la Diversit\u00e9 et la Nature asbl<\/em> BE38.0682.5112.7872.<\/p>\n\n\n\n<p>Pour plus d&rsquo;informations sur ce projet : 0494\/983636<\/p>\n\n\n\n<p><strong>D&rsquo;avance nous vous remercions pour votre pr\u00e9cieuse aide. <\/strong><\/p>\n\n\n\n<p><\/p>\n\n\n\n<p>Une action men\u00e9e par la r\u00e9gionale <strong>NATAGORA \u00ab PAYS CHANTOIRE \u00bb<\/strong> et <strong>AD&amp;N asbl<\/strong><\/p>\n\n\n\n<p>Vous trouverez ci-dessous le lien vers le <strong>document de pr\u00e9sentation <\/strong>du projet : <\/p>\n\n\n\n<div data-wp-interactive=\"core\/file\" class=\"wp-block-file\"><object data-wp-bind--hidden=\"!state.hasPdfPreview\" hidden class=\"wp-block-file__embed\" data=\"https:\/\/www.adnature.be\/wp-content\/uploads\/2025\/12\/arbres-isoles-presentation-et-appel-aux-dons-v2.pdf\" type=\"application\/pdf\" style=\"width:100%;height:600px\" aria-label=\"Contenu embarqu\u00e9 arbres isoles - presentation et appel aux dons - v2.\"><\/object><a id=\"wp-block-file--media-c4e1ebfd-1910-494e-b19c-f79b7f05024e\" href=\"https:\/\/www.adnature.be\/wp-content\/uploads\/2025\/12\/arbres-isoles-presentation-et-appel-aux-dons-v2.pdf\">arbres isoles &#8211; presentation et appel aux dons &#8211; v2<\/a><a href=\"https:\/\/www.adnature.be\/wp-content\/uploads\/2025\/12\/arbres-isoles-presentation-et-appel-aux-dons-v2.pdf\" class=\"wp-block-file__button wp-element-button\" download aria-describedby=\"wp-block-file--media-c4e1ebfd-1910-494e-b19c-f79b7f05024e\">T\u00e9l\u00e9charger<\/a><\/div>\n","protected":false},"excerpt":{"rendered":"<p>Un \u00e9norme merci \u00e0 tous les contributeurs au projet \ud83d\ude42 Plus de 50 personnes ont permis d&rsquo;atteindre 5471\u20ac de dons ! De quoi s\u2019agit-il ? Ayant r\u00e9colt\u00e9 les moyens financiers suffisants, nous avons plant\u00e9 plus de 60 arbres isol\u00e9s (ou install\u00e9s en duo) dans les milieux agricoles de Theux : prairies, cultures, bords de sentier. &hellip; <\/p>\n<p class=\"link-more\"><a href=\"https:\/\/www.adnature.be\/index.php\/projets\/plantation-darbres-isoles\/\" class=\"more-link\">Continuer la lecture<span class=\"screen-reader-text\"> de &laquo;&nbsp;2026 &#8211; Plantation d&rsquo;arbres isol\u00e9s en milieu agricole&nbsp;&raquo;<\/span><\/a><\/p>\n","protected":false},"author":7,"featured_media":0,"parent":59,"menu_order":0,"comment_status":"closed","ping_status":"closed","template":"","meta":{"footnotes":""},"class_list":["post-597","page","type-page","status-publish","hentry"],"_links":{"self":[{"href":"https:\/\/www.adnature.be\/index.php\/wp-json\/wp\/v2\/pages\/597","targetHints":{"allow":["GET"]}}],"collection":[{"href":"https:\/\/www.adnature.be\/index.php\/wp-json\/wp\/v2\/pages"}],"about":[{"href":"https:\/\/www.adnature.be\/index.php\/wp-json\/wp\/v2\/types\/page"}],"author":[{"embeddable":true,"href":"https:\/\/www.adnature.be\/index.php\/wp-json\/wp\/v2\/users\/7"}],"replies":[{"embeddable":true,"href":"https:\/\/www.adnature.be\/index.php\/wp-json\/wp\/v2\/comments?post=597"}],"version-history":[{"count":33,"href":"https:\/\/www.adnature.be\/index.php\/wp-json\/wp\/v2\/pages\/597\/revisions"}],"predecessor-version":[{"id":663,"href":"https:\/\/www.adnature.be\/index.php\/wp-json\/wp\/v2\/pages\/597\/revisions\/663"}],"up":[{"embeddable":true,"href":"https:\/\/www.adnature.be\/index.php\/wp-json\/wp\/v2\/pages\/59"}],"wp:attachment":[{"href":"https:\/\/www.adnature.be\/index.php\/wp-json\/wp\/v2\/media?parent=597"}],"curies":[{"name":"wp","href":"https:\/\/api.w.org\/{rel}","templated":true}]}}