{"id":61,"date":"2021-09-07T21:31:17","date_gmt":"2021-09-07T19:31:17","guid":{"rendered":"https:\/\/www.adnature.be\/?page_id=61"},"modified":"2022-03-02T21:16:38","modified_gmt":"2022-03-02T20:16:38","slug":"reserves-naturelles","status":"publish","type":"page","link":"https:\/\/www.adnature.be\/index.php\/reserves-naturelles\/","title":{"rendered":"Gestion des r\u00e9serves naturelles"},"content":{"rendered":"\n<h1 class=\"wp-block-heading\">Un constat alarmant<\/h1>\n\n\n\n<p>De tout temps des esp\u00e8ces sont apparues pendant que d\u2019autres disparaissent.<br>La diff\u00e9rence avec nos temps modernes est qu\u2019aujourd\u2019hui le taux d\u2019extinction des esp\u00e8ces est 100 \u00e0 1000 fois plus \u00e9lev\u00e9 que le rythme qui pr\u00e9valait avant l\u2019\u00e8re industrielle\u2026 alors que le taux d\u2019apparition n\u2019a pas chang\u00e9.<\/p>\n\n\n\n<p>Plut\u00f4t probl\u00e9matique non?<\/p>\n\n\n\n<p>L\u2019urbanisation, l\u2019agriculture moderne, l\u2019usage de pesticides (m\u00eame domestiques !), la destruction d\u2019habitats, la progression de certaines esp\u00e8ces invasives, \u2026 figurent parmi les principales causes de ce d\u00e9clin.<\/p>\n\n\n\n<p>Afin de faire face \u00e0 cette situation, diverses mesures sont heureusement prises. La cr\u00e9ation de r\u00e9serves naturelles figure dans la liste, bien qu\u2019il s\u2019agisse surtout de prot\u00e9ger l\u00e0 ce qui est devenu rare, parfois bien trop tard.<\/p>\n\n\n\n<p>Mais qui dit \u00ab&nbsp;Cr\u00e9ation de r\u00e9serves naturelles&nbsp;\u00bb dit \u00ab&nbsp;entretien&nbsp;\u00bb.<\/p>\n\n\n\n<h3 class=\"wp-block-heading\">Pourquoi \u00ab&nbsp;g\u00e9rer la nature&nbsp;\u00bb?<\/h3>\n\n\n\n<div class=\"wp-block-image\"><figure class=\"alignright\"><a href=\"https:\/\/web.archive.org\/web\/20200123143042\/http:\/\/adnature.be\/wp-content\/uploads\/2017\/07\/we-gestion-ADN-2015-Wayot-SEB_9250-6.jpg\" target=\"_blank\" rel=\"noreferrer noopener\"><img decoding=\"async\" src=\"https:\/\/web.archive.org\/web\/20200123143042im_\/http:\/\/adnature.be\/wp-content\/uploads\/2017\/07\/we-gestion-ADN-2015-Wayot-SEB_9250-6-300x201.jpg\" alt=\"\" class=\"wp-image-186\"\/><\/a><\/figure><\/div>\n\n\n\n<p class=\"has-text-align-left\">Parmi les milieux naturels, certains ne demandent aucun soin particulier si ce n\u2019est de les prot\u00e9ger. C\u2019est le cas de la plupart de nos for\u00eats!D\u2019autres milieux, par contre, ne peuvent se maintenir sans intervention de l\u2019homme. C\u2019est le cas de tous les milieux \u00ab&nbsp;ouverts&nbsp;\u00bb (non-forestiers). Une prairie laiss\u00e9e \u00e0 l\u2019abandon par exemple va progressivement \u00e9voluer vers la for\u00eat. Ce ph\u00e9nom\u00e8ne, certes naturel, va cependant provoquer la disparition des esp\u00e8ces qui s\u2019y trouvaient et qui ne peuvent trouver refuge dans nos prairies et nos champs intensivement exploit\u00e9s. C\u2019est le cas des landes, des pelouses calcicoles, des prairies maigres, \u2026 que l\u2019agriculture \u00ab&nbsp;traditionnelle&nbsp;\u00bb a d\u00e9laiss\u00e9.<br><\/p>\n\n\n\n<h3 class=\"wp-block-heading\">Un travail men\u00e9 en deux phases<\/h3>\n\n\n\n<p><strong>1. Prot\u00e9ger<\/strong><\/p>\n\n\n\n<p>Une fois un joyau biologique d\u00e9couvert, il est utile de le prot\u00e9ger, notamment en le faisant conna\u00eetre de tous et en lui octroyant, si possible, le statut de R\u00e9serve Naturelle<\/p>\n\n\n\n<hr class=\"wp-block-separator\"\/>\n\n\n\n<p>Attention,&nbsp;<strong>la nature ne se limite pas aux r\u00e9serves naturelles<\/strong>. Chaque m\u00e8tre carr\u00e9 compte : dans les prairies, dans les for\u00eats, dans les champs, dans les rivi\u00e8res, \u2026 et m\u00eame dans votre jardin! Chacun peut agir!<\/p>\n\n\n\n<hr class=\"wp-block-separator\"\/>\n\n\n\n<div class=\"wp-block-columns is-layout-flex wp-container-core-columns-is-layout-9d6595d7 wp-block-columns-is-layout-flex\">\n<div class=\"wp-block-column is-layout-flow wp-block-column-is-layout-flow\" style=\"flex-basis:100%\">\n<div class=\"wp-block-image\"><figure class=\"alignright\"><a href=\"https:\/\/web.archive.org\/web\/20200123143042\/http:\/\/adnature.be\/wp-content\/uploads\/2018\/02\/WE-gestion-ADN-2017-Mont-P1050128-12.jpg\" target=\"_blank\" rel=\"noreferrer noopener\"><img decoding=\"async\" src=\"https:\/\/web.archive.org\/web\/20200123143042im_\/http:\/\/adnature.be\/wp-content\/uploads\/2018\/02\/WE-gestion-ADN-2017-Mont-P1050128-12-300x200.jpg\" alt=\"\" class=\"wp-image-186\"\/><\/a><\/figure><\/div>\n\n\n\n<p><strong>2. Agir<\/strong><br>A chaque \u00e9cosyst\u00e8me correspond un mode de gestion, fonction de son \u00e9tat de conservation et des esp\u00e8ces animales et v\u00e9g\u00e9tales pr\u00e9sentes. Bien souvent, il s\u2019agit cependant de faucher, d\u00e9broussailler, voire d\u00e9boiser les parcelles dont l\u2019objectif est de conserver leur diversit\u00e9 biologique, cela afin de maintenir le milieu \u00ab&nbsp;ouvert&nbsp;\u00bb. Parfois, l\u2019aide d\u2019animaux compl\u00e8te cette action par un p\u00e2turage extensif. L\u2019entretien de la plupart de ces milieux implique donc une \u00e9troite collaboration avec le monde agricole.<br><strong>Pour agir, il faut des bras!<\/strong>&nbsp;Chacun est le bienvenu pour nous pr\u00eater main forte, quelques soient ses comp\u00e9tences. Ces gestions sont le meilleur moyen de d\u00e9couvrir nos r\u00e9serves et de se les approprier, tout en joignant l\u2019utile \u00e0 l\u2019agr\u00e9able.<\/p>\n<\/div>\n<\/div>\n\n\n\n<h3 class=\"wp-block-heading\">AD&amp;N en action<\/h3>\n\n\n\n<p>AD&amp;N intervient dans plusieurs r\u00e9serves naturelles de Theux et des communes voisines, toutes propri\u00e9t\u00e9 des associations Ardenne &amp; Gaume et Natagora, avec lesquelles nous collaborons.<br>A Theux, ce sont essentiellement les pelouses calcicoles qui nous mobilisent, autour de 4 r\u00e9serves naturelles r\u00e9cemment cr\u00e9\u00e9es gr\u00e2ce aux programmes LIFE port\u00e9s par Natagora. Milieux rares et prot\u00e9g\u00e9s, ils comptent parmi les plus riches en esp\u00e8ces animales et v\u00e9g\u00e9tales chez nous. Outre les papillons, les orchid\u00e9es, les sauterelles, les serpents, \u2026 On y retrouve beaucoup d\u2019esp\u00e8ces qui sentent bon la Provence telles que le thym, l\u2019origan, la sauge, la sarriette, \u2026<\/p>\n\n\n\n<div class=\"wp-block-image\"><figure class=\"alignright\"><a href=\"https:\/\/web.archive.org\/web\/20200123143042\/http:\/\/adnature.be\/wp-content\/uploads\/2017\/07\/Wayot-2014-parcelle-ancien-verger-SEB_3828-3.jpg\" target=\"_blank\" rel=\"noreferrer noopener\"><img decoding=\"async\" src=\"https:\/\/web.archive.org\/web\/20200123143042im_\/http:\/\/adnature.be\/wp-content\/uploads\/2017\/07\/Wayot-2014-parcelle-ancien-verger-SEB_3828-3-300x199.jpg\" alt=\"\" class=\"wp-image-186\"\/><\/a><\/figure><\/div>\n\n\n\n<p>Afin de permettre \u00e0 toutes ces esp\u00e8ces de subsister, plusieurs journ\u00e9es sont organis\u00e9es chaque ann\u00e9e pour faucher ou d\u00e9broussailler ces pelouses.<\/p>\n\n\n\n<p><strong>Venez nous rejoindre! Communiquez-nous vos coordonn\u00e9es afin d\u2019\u00eatre inform\u00e9s de nos activit\u00e9s!<\/strong><\/p>\n","protected":false},"excerpt":{"rendered":"<p>Un constat alarmant De tout temps des esp\u00e8ces sont apparues pendant que d\u2019autres disparaissent.La diff\u00e9rence avec nos temps modernes est qu\u2019aujourd\u2019hui le taux d\u2019extinction des esp\u00e8ces est 100 \u00e0 1000 fois plus \u00e9lev\u00e9 que le rythme qui pr\u00e9valait avant l\u2019\u00e8re industrielle\u2026 alors que le taux d\u2019apparition n\u2019a pas chang\u00e9. Plut\u00f4t probl\u00e9matique non? L\u2019urbanisation, l\u2019agriculture moderne, &hellip; <\/p>\n<p class=\"link-more\"><a href=\"https:\/\/www.adnature.be\/index.php\/reserves-naturelles\/\" class=\"more-link\">Continuer la lecture<span class=\"screen-reader-text\"> de &laquo;&nbsp;Gestion des r\u00e9serves naturelles&nbsp;&raquo;<\/span><\/a><\/p>\n","protected":false},"author":1,"featured_media":0,"parent":0,"menu_order":0,"comment_status":"closed","ping_status":"closed","template":"","meta":{"footnotes":""},"class_list":["post-61","page","type-page","status-publish","hentry"],"_links":{"self":[{"href":"https:\/\/www.adnature.be\/index.php\/wp-json\/wp\/v2\/pages\/61","targetHints":{"allow":["GET"]}}],"collection":[{"href":"https:\/\/www.adnature.be\/index.php\/wp-json\/wp\/v2\/pages"}],"about":[{"href":"https:\/\/www.adnature.be\/index.php\/wp-json\/wp\/v2\/types\/page"}],"author":[{"embeddable":true,"href":"https:\/\/www.adnature.be\/index.php\/wp-json\/wp\/v2\/users\/1"}],"replies":[{"embeddable":true,"href":"https:\/\/www.adnature.be\/index.php\/wp-json\/wp\/v2\/comments?post=61"}],"version-history":[{"count":4,"href":"https:\/\/www.adnature.be\/index.php\/wp-json\/wp\/v2\/pages\/61\/revisions"}],"predecessor-version":[{"id":163,"href":"https:\/\/www.adnature.be\/index.php\/wp-json\/wp\/v2\/pages\/61\/revisions\/163"}],"wp:attachment":[{"href":"https:\/\/www.adnature.be\/index.php\/wp-json\/wp\/v2\/media?parent=61"}],"curies":[{"name":"wp","href":"https:\/\/api.w.org\/{rel}","templated":true}]}}